{"id":7,"date":"2024-01-19T03:11:38","date_gmt":"2024-01-19T02:11:38","guid":{"rendered":"https:\/\/q-nst.de\/peter-shop\/?page_id=7"},"modified":"2024-01-19T03:20:22","modified_gmt":"2024-01-19T02:20:22","slug":"agb","status":"publish","type":"page","link":"https:\/\/q-nst.de\/peter-shop\/agb\/","title":{"rendered":"AGB"},"content":{"rendered":"<header>\n<h1>AGB<\/h1>\n<\/header>\n<p><b>\u00a7 1 Gegenstand der allgemeinen Gesch\u00e4ftsbedingungen<br \/>\n<\/b><br \/>\nGegenstand der Allgemeinen Gesch\u00e4ftsbedingungen ist die Regelung der Vertragsbedingungen f\u00fcr s\u00e4mtliche Vertr\u00e4ge mit Peter Kubala(Anbieter) mit dem Nutzer des Peter Kubala \u2013 Onlineshops (Nutzer), die \u00fcber den Peter Kubala-Online-Shop geschlossen werden. Es gelten jeweils die Allgemeinen Gesch\u00e4ftsbedingungen in der zum Zeitpunkt des Vertragsschlusses g\u00fcltigen Fassung.<\/p>\n<p><b>\u00a7 2 Zustandekommen des Vertrages<br \/>\n<\/b><br \/>\nDie Angebote des Online-Shops sind unverbindlich. Mit dem Anklicken des Bestell-Buttons erkl\u00e4rt der Nutzer verbindlich gegen\u00fcber dem Anbieter, den Inhalt des Warenkorbes erwerben zu wollen. Der Vertrag kommt durch Erkl\u00e4rung des Anbieters nach Absenden der Bestellung zustande. Die Erkl\u00e4rung geht dem Nutzer unmittelbar nach Anklicken des Bestell-Buttons zu. Mit ihr ist der Vertrag zustande gekommen.<\/p>\n<p><b>\u00a7 3 Informationspflichten<br \/>\n<\/b><br \/>\n1. Der Nutzer ist bei der Registrierung verpflichtet, wahrheitsgem\u00e4\u00dfe Angaben zu machen. Sofern sich Daten des Kunden \u00e4ndern, insbesondere Name, Anschrift, E-Mail-Adresse, Telefonnummer, Bankverbindung, ist der Nutzer verpflichtet, dem Anbieter diese \u00c4nderung unverz\u00fcglich durch \u00c4nderung der Angaben im Mustershop mitzuteilen.<\/p>\n<p>2. Unterl\u00e4\u00dft der Nutzer diese Information oder gibt er von vornherein falsche Daten, insbesondere eine falsche E-Mail-Adresse an, so kann der Anbieter, soweit ein Vertrag zustande gekommen ist, vom Vertrag zur\u00fccktreten. Der R\u00fccktritt wird schriftlich erkl\u00e4rt. Die Schriftform ist auch durch Absenden einer E-Mail gewahrt.<\/p>\n<p>3. Der Anbieter sendet dem Kunden unmittelbar nach Abschlu\u00df des Vertrages eine E-Mail mit den Kundeninformationen an die bei der Registrierung vom Nutzer angegebenen E-Mail-Adresse.<\/p>\n<p>4. Der Nutzer verpflichtet sich, den Anbieter unverz\u00fcglich unter: info@rundum.de zu informieren, wenn diese E-Mail ihn nicht innerhalb von vier Stunden nach Abschlu\u00df des Vertrages erreicht hat.<\/p>\n<p>5. Der Kunde hat daf\u00fcr Sorge zu tragen, da\u00df das von ihm angegebene E-Mail-Konto ab dem Zeitpunkt der Angabe erreichbar ist und nicht aufgrund von Weiterleitung, Stillegung oder \u00dcberf\u00fcllung des E-Mail-Kontos ein Empfang von E-Mail-Nachrichten ausgeschlossen ist.<\/p>\n<p>6. Die Fehlerhaftigkeit der Angaben wird vermutet, wenn eine an den Nutzer gerichtete E-Mail dreimal hintereinander zur\u00fcckkommt, oder die Leistung aufgrund fehlerhafter Anschrift nicht erbracht werden kann.<\/p>\n<p><b>\u00a7 4 Widerrufsrecht<\/b><\/p>\n<p>1. Der Kunde hat das Recht, den Vertrag entsprechend den gesetzlichen Bestimmungen zu widerrufen.<br \/>\nEin uneingeschr\u00e4nktes R\u00fcckgaberecht i.S.v. \u00a7 361 b BGB wird nicht vereinbart.<\/p>\n<p>2. Im Falle der Aus\u00fcbung des Widerrufs tr\u00e4gt der Kunde die Kosten der R\u00fccksendung, wenn der Bestellwert 400 Euro nicht \u00fcberschreitet, es sei denn, da\u00df die gelieferte Ware nicht der bestellten Ware entspricht. Der Kunde verpflichte sich, die Ware innerhalb von zwei Tagen nach Aus\u00fcbung des Widerrufsrechts zur\u00fcckzusenden, wenn der Widerruf nicht bereits durch R\u00fccksendung ausge\u00fcbt wurde.<\/p>\n<p><b><br \/>\n\u00a7 5 Lieferung der Waren, Erbringung von Dienstleistungen<br \/>\n<\/b><br \/>\n1. Die Bestellung wird unverz\u00fcglich nach ihrem Eingang beim Anbieter bearbeitet. Der Anbieter \u00fcbergibt die Waren sp\u00e4testens am f\u00fcnften Werktag nach Vertragsschlu\u00df dem Lieferunternehmen.<\/p>\n<p>2. Mit der \u00dcbergabe der Waren an das Lieferunternehmen hat der Anbieter seine Leistungspflicht erbracht und geht die Gefahr auf den Nutzer \u00fcber.<\/p>\n<p>3. Bildrechte: Sollen Bilddokumente vervielf\u00e4ltigt bzw. \u00fcberarbeitet werden, setzt der Anbieter die Nutzungsrechte durch den Nutzer vorraus. Fahrzeugbeschriftungen: Bei der Montage insbesondere von Digitaldruckvinylfolie und \u00e4hnlichem kann es zu Besch\u00e4digungen der Lackoberfl\u00e4che kommen. Diese sind nicht vermeidbar und stellen keinen Anspruch auf Schadensersatz dar!<\/p>\n<p>4. Der Anbieter braucht die versprochene Dienstleistung nicht mehr zu erbringen und kann vom Vertrag zur\u00fccktreten, wenn der Nutzer trotz schriftlicher Vereinbarung eines Termins zweimal hintereinander nicht anzutreffen war.<\/p>\n<p>5. Erbringt der Anbieter die versprochene Dienstleistung nicht zu dem vereinbarten Zeitpunkt, so kann der Nutzer vom Vertrag zur\u00fccktreten.<\/p>\n<p>6. Der Anbieter beh\u00e4lt sich vor, im Falle der Nichtverf\u00fcgbarkeit der vertragsgem\u00e4\u00dfen Leistung eine in Qualit\u00e4t und Preis gleichwertige Leistung (Ware oder Dienstleistung) zu erbringen.<\/p>\n<p>7. Ist eine Erbringung einer preislich und qualitativ gleichwertigen Leistung nicht m\u00f6glich, so kann der Anbieter sich von Vertrag l\u00f6sen und braucht die versprochene Leistung nicht zu erbringen. Der Anbieter verpflichtet sich in diesem Falle, den Nutzer unverz\u00fcglich \u00fcber die Nichtverf\u00fcgbarkeit zu informieren und eine gegebenenfalls bereits erbrachte Gegenleistung des Nutzers unverz\u00fcglich zur\u00fcckzuerstatten.<\/p>\n<p>8. Der Anbieter haftet nicht f\u00fcr etwaige Farbabweichungen innerhalb des Druck- und Produktionsproze\u00df.<br \/>\nSollten Sie hinsichtlich der Farbwiedergabe unsicher sein, bestellen sie bitte vorab Musterdrucke.<\/p>\n<p><b>\u00a7 6 Zahlung<br \/>\n<\/b><br \/>\n1. Kaufpreis oder Verg\u00fctung ist sofort f\u00e4llig, soweit nichts anderes vereinbart ist.<\/p>\n<p>2. Ist der Vertragsgegenstand eine wiederkehrende Leistung und hat der Nutzer eine regelm\u00e4\u00dfige Zahlung zu leisten, so hat der Nutzer diese Zahlung jeweils am ersten eines Monats im voraus zu leisten. Im Falle einer K\u00fcndigung werden ihm \u00fcberschie\u00dfende Zahlungen zeitanteilig zur\u00fcckerstattet.<\/p>\n<p>3. Der Nutzer ger\u00e4t automatisch in Verzug, wenn die Zahlung 7 Tage nach Zugang der Rechnung nicht beglichen ist. Bei wiederkehrenden Leistungen ger\u00e4t der Nutzer mit der Zahlung ohne Mahnung in Verzug, wenn er den Zahlungstermin vers\u00e4umt.<\/p>\n<p>4. Im Verzugsfalle werden die gesetzlichen Verzugszinsen erhoben.<\/p>\n<p>5. Das Recht zur Aufrechnung steht dem Kunden nur zu, wenn seine Gegenanspr\u00fcche rechtskr\u00e4ftig festgestellt wurden, oder diese durch den Anbieter anerkannt wurden.<\/p>\n<p>6. Der Kunde kann ein Zur\u00fcckbehaltungsrecht nur aus\u00fcben, wenn sein Gegenanspruch auf dem gleichen Vertragsverh\u00e4ltnis beruht.<\/p>\n<p><b>\u00a7 7 Versand- und Lieferkosten<br \/>\n<\/b><br \/>\n1. Versandkosten fallen nur bei Warenlieferungen an.<\/p>\n<p>2. Der Anbieter verlangt Versand- und Lieferkosten bei Waren, die einen Gesamtbestellwert von 200 Euro nicht \u00fcberschreiten. Die H\u00f6he der Versandkosten ist Warenabh\u00e4ngig. \u00dcberschreitet der Wert der Gesamtbestellung 200 Euro, werden keine Versandkosten geltend gemacht.<\/p>\n<p><b>\u00a7 8 Eigentumsvorbehalt<br \/>\n<\/b><br \/>\nDie gelieferte Ware bleibt bis zur vollst\u00e4ndigen Zahlung des Kaufpreises Eigentum des Anbieters, unabh\u00e4ngig vom Ablauf der Widerufsfrist.<\/p>\n<p><b>\u00a7 9 Gew\u00e4hrleistung<br \/>\n<\/b><br \/>\n1. Die Gew\u00e4hrleistung folgt den gesetzlichen Bestimmungen mit Ma\u00dfgabe der nachfolgenden Regelungen.<\/p>\n<p>2. Der Nutzer ist verpflichtet, die erhaltene Ware sofort auf offensichtliche Fehler zu \u00fcberpr\u00fcfen. Stellt er offensichtliche Fehler fest, so hat er das unverz\u00fcglich gegen\u00fcber dem Anbieter mitzuteilen. Unterl\u00e4\u00dft er das, so kann er gegen\u00fcber dem Anbieter keine Gew\u00e4hrleistungsanspr\u00fcche wegen dieser Fehler mehr geltend machen.<\/p>\n<p>3. Der Anbieter haftet nicht f\u00fcr Fehler, deren Auftreten durch den Nutzer verursacht wurden. Das gilt auch f\u00fcr gew\u00f6hnliche Abnutzungserscheinungen. Die Aus\u00fcbung des Widerrufsrechtes durch den Nutzer bleibt davon unber\u00fchrt.<\/p>\n<p>4. Im Falle eines Mangels der Ware ist der Anbieter nach seiner Wahl zur Nachlieferung oder Nachbesserung berechtigt. Schl\u00e4gt die Nachbesserung endg\u00fcltig fehl, oder ist die nachgelieferte Ware ebenfalls mangelbehaftet, so kann der Nutzer R\u00fcckgabe der Ware gegen R\u00fcckerstattung des vereinbarten Preises oder Herabsetzung des Kaufpreises verlangen.<\/p>\n<p><b>\u00a7 10 Haftung<br \/>\n<\/b><br \/>\n1. Der Anbieter haftet f\u00fcr Vorsatz und grobe Fahrl\u00e4ssigkeit seiner Mitarbeiter, gesetzlichen Vertreter und leitenden Angestellten uneingeschr\u00e4nkt. Das gilt auch f\u00fcr zugesicherte Eigenschaften.<\/p>\n<p>2. Eine Zusicherung von Eigenschaften f\u00fcr Waren oder Dienstleistungen besteht nicht. Die Beschreibung der Waren und Dienstleistungen stellt keine Zusicherung von Eigenschaften dar. Der Anbieter sichert auch im \u00fcbrigen im rundum DV-Technik Shop keine Eigenschaften zu.<\/p>\n<p>3. Er haftet f\u00fcr leichte Fahrl\u00e4ssigkeit nur, sofern eine f\u00fcr das Erreichen des Vertragszieles und die Erf\u00fcllung des Vertragszweckes wesentliche Vertragspflicht verletzt wurde (Kardinalpflicht).<\/p>\n<p>4. Anspr\u00fcche aus c.i.c. \/ pVV verj\u00e4hren unbeschadet der vorstehenden Regelungen innerhalb von zwei Jahren.<\/p>\n<p>5. Das Produkthaftungsgesetz bleibt unber\u00fchrt.<\/p>\n<p>6. Die vorstehenden Regelungen gelten auch f\u00fcr Erf\u00fcllungsgehilfen des Anbieters.<\/p>\n<p>7. F\u00fcr fehlerhafte Farbwiedergaben im Druckbild kann keine Haftung \u00fcbernommen werden.<\/p>\n<p><b>\u00a7 11 Datenschutz<br \/>\n<\/b><br \/>\n1. Der Anbieter erhebt vom Nutzer ohne dessen Zustimmung nur die Daten, die f\u00fcr die Ausf\u00fchrung der Bestellung und die Vertragsabwicklung notwendig sind. Er verwendet die vom Nutzer zur Verf\u00fcgung gestellten Daten nur zu den Zwecken, in die der Nutzer eingewilligt hat.<\/p>\n<p><b>\u00a7 12 Finanzierte Vertr\u00e4ge<br \/>\n<\/b><br \/>\n1. Der Nutzer hat, soweit angeboten, die M\u00f6glichkeit, den Kaufpreis durch einen Kredit der Hausbank des Anbieters zu finanzieren. Der Nutzer mu\u00df sich vor Abschlu\u00df des Vertrages entscheiden, ob er die Finanzierung als Zahlungsweise w\u00e4hlen m\u00f6chte. Der Anbieter wird dann einen Kreditvertrag mit seiner Hausbank zwischen dieser und dem Kunden vermitteln.<\/p>\n<p>2. Hat sich der Nutzer f\u00fcr die Finanzierung des Kaufpreises entschieden, sendet der Anbieter ihm eine E-Mail zu, mit deren Hilfe er einen Kreditvertrag mit der Hausbank des Anbieters abschlie\u00dfen kann und in der alle notwendigen Informationen f\u00fcr die Kreditfinanzierung aufgef\u00fchrt sind. Der Nutzer kann sich bis zum Abschlu\u00df des Kreditvertrages f\u00fcr eine andere Zahlungsweise entscheiden.<\/p>\n<p>3. Der Kunde verpflichtet sich, die besonderen Informationen in der E-Mail f\u00fcr finanzierte Vertr\u00e4ge zu lesen.<\/p>\n<p>4. Der Nutzer verpflichtet sich, den Anbieter unverz\u00fcglich unter: Info@rundum.de zu informieren, wenn die E-Mail ihn nicht sp\u00e4testens zehn Minuten nach der Entscheidung f\u00fcr die finanzierte Zahlungsweise erreicht hat.<\/p>\n<p><b>\u00a7 13 Anwendbares Recht<br \/>\n<\/b><br \/>\nEs gilt Deutsches Recht unter Ausschlu\u00df des UN-Kaufrechts.<\/p>\n<p><b>\u00a7 14 Abweichende Bedingungen des Kunden<br \/>\n<\/b><br \/>\nF\u00fcr den Fall, da\u00df der Kunde eigene Allgemeine Gesch\u00e4ftsbedingungen verwendet, die von diesen Allgemeinen Gesch\u00e4ftsbedingungen abweichen, gelten ausschlie\u00dflich die Allgemeinen Gesch\u00e4ftsbedingungen des Anbieters.<br \/>\nJede Abweichung hiervon bedarf der Schriftform.<\/p>\n<h3>Alternative Streitbeilegung gem\u00e4\u00df Art. 14 Abs. 1 ODR-VO und \u00a7 36 VSBG:<\/h3>\n<p>Die Europ\u00e4ische Kommission stellt eine Plattform zur Online-Streitbeilegung (OS) bereit, die du unter <a href=\"https:\/\/ec.europa.eu\/consumers\/odr\" target=\"_blank\" rel=\"noopener\">https:\/\/ec.europa.eu\/consumers\/odr<\/a> findest. Zur Teilnahme an einem Streitbeilegungsverfahren vor einer Verbraucherschlichtungsstelle sind wir nicht verpflichtet und nicht bereit.<\/p>\n","protected":false},"excerpt":{"rendered":"<p>AGB \u00a7 1 Gegenstand der allgemeinen Gesch\u00e4ftsbedingungen Gegenstand der Allgemeinen Gesch\u00e4ftsbedingungen ist die Regelung der Vertragsbedingungen f\u00fcr s\u00e4mtliche Vertr\u00e4ge mit Peter Kubala(Anbieter) mit dem Nutzer des Peter Kubala \u2013 Onlineshops (Nutzer), die \u00fcber den Peter Kubala-Online-Shop geschlossen werden. Es gelten jeweils die Allgemeinen Gesch\u00e4ftsbedingungen in der zum Zeitpunkt des Vertragsschlusses g\u00fcltigen Fassung. \u00a7 2 Zustandekommen [&hellip;]<\/p>\n","protected":false},"author":1,"featured_media":0,"parent":0,"menu_order":0,"comment_status":"closed","ping_status":"closed","template":"","meta":{"ocean_post_layout":"","ocean_both_sidebars_style":"","ocean_both_sidebars_content_width":0,"ocean_both_sidebars_sidebars_width":0,"ocean_sidebar":"","ocean_second_sidebar":"","ocean_disable_margins":"enable","ocean_add_body_class":"","ocean_shortcode_before_top_bar":"","ocean_shortcode_after_top_bar":"","ocean_shortcode_before_header":"","ocean_shortcode_after_header":"","ocean_has_shortcode":"","ocean_shortcode_after_title":"","ocean_shortcode_before_footer_widgets":"","ocean_shortcode_after_footer_widgets":"","ocean_shortcode_before_footer_bottom":"","ocean_shortcode_after_footer_bottom":"","ocean_display_top_bar":"default","ocean_display_header":"default","ocean_header_style":"","ocean_center_header_left_menu":"","ocean_custom_header_template":"","ocean_custom_logo":0,"ocean_custom_retina_logo":0,"ocean_custom_logo_max_width":0,"ocean_custom_logo_tablet_max_width":0,"ocean_custom_logo_mobile_max_width":0,"ocean_custom_logo_max_height":0,"ocean_custom_logo_tablet_max_height":0,"ocean_custom_logo_mobile_max_height":0,"ocean_header_custom_menu":"","ocean_menu_typo_font_family":"","ocean_menu_typo_font_subset":"","ocean_menu_typo_font_size":0,"ocean_menu_typo_font_size_tablet":0,"ocean_menu_typo_font_size_mobile":0,"ocean_menu_typo_font_size_unit":"px","ocean_menu_typo_font_weight":"","ocean_menu_typo_font_weight_tablet":"","ocean_menu_typo_font_weight_mobile":"","ocean_menu_typo_transform":"","ocean_menu_typo_transform_tablet":"","ocean_menu_typo_transform_mobile":"","ocean_menu_typo_line_height":0,"ocean_menu_typo_line_height_tablet":0,"ocean_menu_typo_line_height_mobile":0,"ocean_menu_typo_line_height_unit":"","ocean_menu_typo_spacing":0,"ocean_menu_typo_spacing_tablet":0,"ocean_menu_typo_spacing_mobile":0,"ocean_menu_typo_spacing_unit":"","ocean_menu_link_color":"","ocean_menu_link_color_hover":"","ocean_menu_link_color_active":"","ocean_menu_link_background":"","ocean_menu_link_hover_background":"","ocean_menu_link_active_background":"","ocean_menu_social_links_bg":"","ocean_menu_social_hover_links_bg":"","ocean_menu_social_links_color":"","ocean_menu_social_hover_links_color":"","ocean_disable_title":"default","ocean_disable_heading":"default","ocean_post_title":"","ocean_post_subheading":"","ocean_post_title_style":"","ocean_post_title_background_color":"","ocean_post_title_background":0,"ocean_post_title_bg_image_position":"","ocean_post_title_bg_image_attachment":"","ocean_post_title_bg_image_repeat":"","ocean_post_title_bg_image_size":"","ocean_post_title_height":0,"ocean_post_title_bg_overlay":0.5,"ocean_post_title_bg_overlay_color":"","ocean_disable_breadcrumbs":"default","ocean_breadcrumbs_color":"","ocean_breadcrumbs_separator_color":"","ocean_breadcrumbs_links_color":"","ocean_breadcrumbs_links_hover_color":"","ocean_display_footer_widgets":"default","ocean_display_footer_bottom":"default","ocean_custom_footer_template":"","omw_enable_modal_window":"enable","footnotes":""},"class_list":["post-7","page","type-page","status-publish","hentry","entry","owp-thumbs-layout-horizontal","owp-btn-normal","owp-tabs-layout-horizontal","has-no-thumbnails","has-product-nav"],"_links":{"self":[{"href":"https:\/\/q-nst.de\/peter-shop\/wp-json\/wp\/v2\/pages\/7","targetHints":{"allow":["GET"]}}],"collection":[{"href":"https:\/\/q-nst.de\/peter-shop\/wp-json\/wp\/v2\/pages"}],"about":[{"href":"https:\/\/q-nst.de\/peter-shop\/wp-json\/wp\/v2\/types\/page"}],"author":[{"embeddable":true,"href":"https:\/\/q-nst.de\/peter-shop\/wp-json\/wp\/v2\/users\/1"}],"replies":[{"embeddable":true,"href":"https:\/\/q-nst.de\/peter-shop\/wp-json\/wp\/v2\/comments?post=7"}],"version-history":[{"count":6,"href":"https:\/\/q-nst.de\/peter-shop\/wp-json\/wp\/v2\/pages\/7\/revisions"}],"predecessor-version":[{"id":348,"href":"https:\/\/q-nst.de\/peter-shop\/wp-json\/wp\/v2\/pages\/7\/revisions\/348"}],"wp:attachment":[{"href":"https:\/\/q-nst.de\/peter-shop\/wp-json\/wp\/v2\/media?parent=7"}],"curies":[{"name":"wp","href":"https:\/\/api.w.org\/{rel}","templated":true}]}}